{"id":1116,"date":"2022-03-02T02:27:27","date_gmt":"2022-03-02T02:27:27","guid":{"rendered":"https:\/\/eddiemora.com\/?page_id=1116"},"modified":"2022-03-02T04:03:27","modified_gmt":"2022-03-02T04:03:27","slug":"haikus-ficha-tecnica","status":"publish","type":"page","link":"https:\/\/eddiemora.com\/en\/haikus-ficha-tecnica\/","title":{"rendered":"Haikus Ficha T\u00e9cnica"},"content":{"rendered":"<div data-elementor-type=\"wp-page\" data-elementor-id=\"1116\" class=\"elementor elementor-1116\" data-elementor-post-type=\"page\">\n\t\t\t\t\t\t<section class=\"elementor-section elementor-top-section elementor-element elementor-element-72acc7c elementor-reverse-mobile elementor-section-height-min-height elementor-section-items-bottom elementor-section-content-top elementor-section-boxed elementor-section-height-default\" data-id=\"72acc7c\" data-element_type=\"section\" data-settings=\"{&quot;background_background&quot;:&quot;classic&quot;}\">\n\t\t\t\t\t\t\t<div class=\"elementor-background-overlay\"><\/div>\n\t\t\t\t\t\t\t<div class=\"elementor-container elementor-column-gap-wider\">\n\t\t\t\t\t<div class=\"elementor-column elementor-col-100 elementor-top-column elementor-element elementor-element-e65542a\" data-id=\"e65542a\" data-element_type=\"column\">\n\t\t\t<div class=\"elementor-widget-wrap elementor-element-populated\">\n\t\t\t\t\t\t<div class=\"elementor-element elementor-element-ca213be elementor-widget elementor-widget-heading\" data-id=\"ca213be\" data-element_type=\"widget\" data-widget_type=\"heading.default\">\n\t\t\t\t<div class=\"elementor-widget-container\">\n\t\t\t\t\t<h1 class=\"elementor-heading-title elementor-size-default\">Haikus<\/h1>\t\t\t\t<\/div>\n\t\t\t\t<\/div>\n\t\t\t\t<div class=\"elementor-element elementor-element-72a064b elementor-widget elementor-widget-heading\" data-id=\"72a064b\" data-element_type=\"widget\" data-widget_type=\"heading.default\">\n\t\t\t\t<div class=\"elementor-widget-container\">\n\t\t\t\t\t<h1 class=\"elementor-heading-title elementor-size-default\">Ficha T\u00e9cnica<\/h1>\t\t\t\t<\/div>\n\t\t\t\t<\/div>\n\t\t\t\t\t<\/div>\n\t\t<\/div>\n\t\t\t\t\t<\/div>\n\t\t<\/section>\n\t\t\t\t<section class=\"elementor-section elementor-top-section elementor-element elementor-element-7cb58335 elementor-section-boxed elementor-section-height-default elementor-section-height-default\" data-id=\"7cb58335\" data-element_type=\"section\">\n\t\t\t\t\t\t<div class=\"elementor-container elementor-column-gap-wider\">\n\t\t\t\t\t<div class=\"elementor-column elementor-col-100 elementor-top-column elementor-element elementor-element-36ed8e67\" data-id=\"36ed8e67\" data-element_type=\"column\">\n\t\t\t<div class=\"elementor-widget-wrap elementor-element-populated\">\n\t\t\t\t\t\t<div class=\"elementor-element elementor-element-7a272900 elementor-widget elementor-widget-text-editor\" data-id=\"7a272900\" data-element_type=\"widget\" data-widget_type=\"text-editor.default\">\n\t\t\t\t<div class=\"elementor-widget-container\">\n\t\t\t\t\t\t\t\t\t<article class=\"post-1575 page type-page status-publish entry\"><header class=\"entry-header\"><h1 class=\"entry-title\">Haikus | Ficha t\u00e9cnica<\/h1><\/header><div class=\"entry-content\"><p><strong>Haikus (2018)<\/strong><br \/><strong>Canto y orquesta sinf\u00f3nica<br \/><\/strong><strong>Texto:<\/strong> Jorge Luis Borges (1899 \u2013 1986 | Argentina)<\/p><p>I.<br \/>La ociosa espada<br \/>sue\u00f1a con sus batallas.<br \/>Otro es mi sue\u00f1o.<\/p><p>II.<br \/>Lejos un trino.<br \/>El ruise\u00f1or no sabe<br \/>que te consuela.<\/p><p>III.<br \/>\u00bfEs un imperio<br \/>esa luz que se apaga<br \/>o una luci\u00e9rnaga?<\/p><hr \/><p><strong>Instrumentaci\u00f3n:<\/strong><\/p><hr \/><p><strong>Estreno:<\/strong>\u00a0III Haikus: 27 junio | Sala Magna UCR. Versi\u00f3n completa: 19 octubre | Aalfs Auditorium\u00a0<strong>\u00a0<\/strong><br \/><strong>Int\u00e9rprete: <\/strong>III: (OSUCR, Andr\u00e9s Rodr\u00edguez \u2013 canto, Alejandro Guti\u00e9rrez \u2013 director). Versi\u00f3n completa: (Orquesta de la Universidad de Dakota del Sur, Eddie Mora \u2013 director)<\/p><hr \/><p><strong>Grabaci\u00f3n:\u00a0<\/strong>III: 27 junio | Sala Magna UCR (<a href=\"https:\/\/youtu.be\/sWd-0VoEp_k\" target=\"_blank\" rel=\"noopener\">live performance<\/a>)<\/p><hr \/><p><strong>Rese\u00f1a<br \/><\/strong>Nada m\u00e1s inmediato a la vivencia musical que los Haikus, estructura po\u00e9tica de sugerencia sonora, sin artilugios, con el \u00fanico compromiso de captar nuestra atenci\u00f3n desde el primer instante. Borges, cuya obra literaria no aborda las grandes estructuras, abrig\u00f3 su genialidad en esta forma fugitiva, tres de los cuales forman parte de un ciclo para canto y orquesta que han ocupado mi tiempo este a\u00f1o.<\/p><hr \/><p><strong>Partitura | score:<\/strong><\/p><hr \/><p><strong>Partes instrumentales \u00a0| instrumental parts | particelli:<\/strong>\u00a0para solicitar las partes por separado de esta obra por favor enviar un mensaje en\u00a0<a href=\"https:\/\/eddiemora.com\/en\/contacto\/\" rel=\"noopener\">Contact Us<\/a><\/p><hr \/><p><strong>Audio:\u00a0<\/strong><\/p><hr \/><p><strong>Video:\u00a0<\/strong><\/p><\/div><\/article>\t\t\t\t\t\t\t\t<\/div>\n\t\t\t\t<\/div>\n\t\t\t\t\t<\/div>\n\t\t<\/div>\n\t\t\t\t\t<\/div>\n\t\t<\/section>\n\t\t\t\t<\/div>","protected":false},"excerpt":{"rendered":"<p>Haikus Ficha T\u00e9cnica Haikus | Ficha t\u00e9cnica Haikus (2018)Canto y orquesta sinf\u00f3nicaTexto: Jorge Luis Borges (1899 \u2013 1986 | Argentina) I.La ociosa espadasue\u00f1a con sus batallas.Otro es mi sue\u00f1o. II.Lejos un trino.El ruise\u00f1or no sabeque te consuela. III.\u00bfEs un imperioesa luz que se apagao una luci\u00e9rnaga? Instrumentaci\u00f3n: Estreno:\u00a0III Haikus: 27 junio | Sala Magna UCR. [&hellip;]<\/p>","protected":false},"author":2,"featured_media":0,"parent":0,"menu_order":0,"comment_status":"closed","ping_status":"closed","template":"elementor_header_footer","meta":{"footnotes":""},"class_list":["post-1116","page","type-page","status-publish","hentry"],"_links":{"self":[{"href":"https:\/\/eddiemora.com\/en\/wp-json\/wp\/v2\/pages\/1116","targetHints":{"allow":["GET"]}}],"collection":[{"href":"https:\/\/eddiemora.com\/en\/wp-json\/wp\/v2\/pages"}],"about":[{"href":"https:\/\/eddiemora.com\/en\/wp-json\/wp\/v2\/types\/page"}],"author":[{"embeddable":true,"href":"https:\/\/eddiemora.com\/en\/wp-json\/wp\/v2\/users\/2"}],"replies":[{"embeddable":true,"href":"https:\/\/eddiemora.com\/en\/wp-json\/wp\/v2\/comments?post=1116"}],"version-history":[{"count":13,"href":"https:\/\/eddiemora.com\/en\/wp-json\/wp\/v2\/pages\/1116\/revisions"}],"predecessor-version":[{"id":1202,"href":"https:\/\/eddiemora.com\/en\/wp-json\/wp\/v2\/pages\/1116\/revisions\/1202"}],"wp:attachment":[{"href":"https:\/\/eddiemora.com\/en\/wp-json\/wp\/v2\/media?parent=1116"}],"curies":[{"name":"wp","href":"https:\/\/api.w.org\/{rel}","templated":true}]}}