{"id":1138,"date":"2022-03-02T02:47:04","date_gmt":"2022-03-02T02:47:04","guid":{"rendered":"https:\/\/eddiemora.com\/?page_id=1138"},"modified":"2022-03-02T03:58:21","modified_gmt":"2022-03-02T03:58:21","slug":"monologo-ficha-tecnica","status":"publish","type":"page","link":"https:\/\/eddiemora.com\/en\/monologo-ficha-tecnica\/","title":{"rendered":"Mon\u00f3logo Ficha T\u00e9cnica"},"content":{"rendered":"<div data-elementor-type=\"wp-page\" data-elementor-id=\"1138\" class=\"elementor elementor-1138\" data-elementor-post-type=\"page\">\n\t\t\t\t\t\t<section class=\"elementor-section elementor-top-section elementor-element elementor-element-c354ec3 elementor-reverse-mobile elementor-section-height-min-height elementor-section-items-bottom elementor-section-content-top elementor-section-boxed elementor-section-height-default\" data-id=\"c354ec3\" data-element_type=\"section\" data-settings=\"{&quot;background_background&quot;:&quot;classic&quot;}\">\n\t\t\t\t\t\t\t<div class=\"elementor-background-overlay\"><\/div>\n\t\t\t\t\t\t\t<div class=\"elementor-container elementor-column-gap-wider\">\n\t\t\t\t\t<div class=\"elementor-column elementor-col-100 elementor-top-column elementor-element elementor-element-64ac601f\" data-id=\"64ac601f\" data-element_type=\"column\">\n\t\t\t<div class=\"elementor-widget-wrap elementor-element-populated\">\n\t\t\t\t\t\t<div class=\"elementor-element elementor-element-4964a1e4 elementor-widget elementor-widget-heading\" data-id=\"4964a1e4\" data-element_type=\"widget\" data-widget_type=\"heading.default\">\n\t\t\t\t<div class=\"elementor-widget-container\">\n\t\t\t\t\t<h1 class=\"elementor-heading-title elementor-size-default\">Mon\u00f3logo<\/h1>\t\t\t\t<\/div>\n\t\t\t\t<\/div>\n\t\t\t\t<div class=\"elementor-element elementor-element-6683c4fc elementor-widget elementor-widget-heading\" data-id=\"6683c4fc\" data-element_type=\"widget\" data-widget_type=\"heading.default\">\n\t\t\t\t<div class=\"elementor-widget-container\">\n\t\t\t\t\t<h1 class=\"elementor-heading-title elementor-size-default\">Ficha T\u00e9cnica<\/h1>\t\t\t\t<\/div>\n\t\t\t\t<\/div>\n\t\t\t\t\t<\/div>\n\t\t<\/div>\n\t\t\t\t\t<\/div>\n\t\t<\/section>\n\t\t\t\t<section class=\"elementor-section elementor-top-section elementor-element elementor-element-49432fc4 elementor-section-boxed elementor-section-height-default elementor-section-height-default\" data-id=\"49432fc4\" data-element_type=\"section\">\n\t\t\t\t\t\t<div class=\"elementor-container elementor-column-gap-wider\">\n\t\t\t\t\t<div class=\"elementor-column elementor-col-100 elementor-top-column elementor-element elementor-element-c32b635\" data-id=\"c32b635\" data-element_type=\"column\">\n\t\t\t<div class=\"elementor-widget-wrap elementor-element-populated\">\n\t\t\t\t\t\t<div class=\"elementor-element elementor-element-5baeba33 elementor-widget elementor-widget-text-editor\" data-id=\"5baeba33\" data-element_type=\"widget\" data-widget_type=\"text-editor.default\">\n\t\t\t\t<div class=\"elementor-widget-container\">\n\t\t\t\t\t\t\t\t\t<article class=\"post-1575 page type-page status-publish entry\"><div class=\"site-inner\"><div class=\"content-sidebar-wrap\"><p>\u00a0<\/p><article class=\"post-1081 page type-page status-publish entry\"><div class=\"entry-content\"><p><strong>Mon\u00f3logo\u00a0(2015)<\/strong><br \/><strong>Viol\u00edn solista y orquesta\u00a0de c\u00e1mara\u00a0<\/strong><\/p><hr \/><p><strong>Instrumentaci\u00f3n:<\/strong>\u00a0fl. (2), clar. (B), cf., trp. (c), trb. bajo, tuba, perc. (3), arpa, viol\u00edn solista,\u00a0secci\u00f3n de cuerdas<\/p><hr \/><p><strong>Estreno:<\/strong> \u00a0| Teatro\u00a0Eugene O\u00b4Neill, San Jos\u00e9, Costa Rica<br \/><strong>Int\u00e9rprete:<\/strong>\u00a0Cuauht\u00e9moc Rivera (viol\u00edn | M\u00e9xico), Orquesta Sinf\u00f3nica de Heredia\u00a0| Eddie Mora\u00a0\u2013 director<br \/>MUSITICA | Carlos Chaves (ingeniero de sonido)<\/p><hr \/><p><strong>Grabaci\u00f3n:<\/strong> Plegaria (2017)<\/p><hr \/><p><strong>Rese\u00f1a | Ekaterina Chatski | Investigadora UCR<\/strong><\/p><p>El pensamiento filos\u00f3fico propio de las culturas no occidentales, caracterizado por el \u201cmero estar\u201d, por pertenecer a la tierra que se habita, es recurrente en las \u00faltimas obras del compositor costarricense Eddie Mora. La particularidad de esta cosmovisi\u00f3n es que recrea una cultura que se funde con la naturaleza. Se trata de una cultura est\u00e1tica: \u201ccomo si toda ella respondiera a un canon uniforme que gira en torno del estar en el sentido de un estar aqu\u00ed, aferrado a la parcela cultivada, a la comunidad y a las fuerzas hostiles de la naturaleza\u201d (Rodolfo Kush).<\/p><p>Tal pensamiento, propio de las culturas milenarias de Am\u00e9rica, se traduce en el lenguaje musical de Mora por medio de la utilizaci\u00f3n de patrones mel\u00f3dicos cortos que se repiten vari\u00e1ndose y mediante la mayor b\u00fasqueda de nuevos timbres orquestales que se logra gracias a la fusi\u00f3n no ortodoxa de diferentes instrumentos entre s\u00ed.<\/p><hr \/><p><strong>Partitura | score:<\/strong><\/p><hr \/><p><strong>Partes instrumentales \u00a0| instrumental parts | particelli:<\/strong>\u00a0para solicitar las partes por separado de esta obra por favor enviar un mensaje en\u00a0<a href=\"https:\/\/eddiemora.com\/en\/contacto\/\" rel=\"noopener\">Contact Us<\/a><\/p><hr \/><p><strong>Audio:<br \/><\/strong><a href=\"https:\/\/youtu.be\/YNqY2HcSMLo\" target=\"_blank\" rel=\"noopener\">Mon\u00f3logo\u00a0<\/a><\/p><hr \/><p><strong>Video:<br \/><\/strong><a href=\"https:\/\/youtu.be\/82W7qAWBnv4\" target=\"_blank\" rel=\"noopener\">Videoclip<\/a><strong>\u00a0<\/strong><\/p><hr \/><div class=\"wrap\"><p>Eddie Mora | \u00a92022<\/p><\/div><\/div><\/article><p>\u00a0<\/p><\/div><\/div><\/article>\t\t\t\t\t\t\t\t<\/div>\n\t\t\t\t<\/div>\n\t\t\t\t\t<\/div>\n\t\t<\/div>\n\t\t\t\t\t<\/div>\n\t\t<\/section>\n\t\t\t\t<\/div>","protected":false},"excerpt":{"rendered":"<p>Mon\u00f3logo Ficha T\u00e9cnica \u00a0 Mon\u00f3logo\u00a0(2015)Viol\u00edn solista y orquesta\u00a0de c\u00e1mara\u00a0 Instrumentaci\u00f3n:\u00a0fl. (2), clar. (B), cf., trp. (c), trb. bajo, tuba, perc. (3), arpa, viol\u00edn solista,\u00a0secci\u00f3n de cuerdas Estreno: \u00a0| Teatro\u00a0Eugene O\u00b4Neill, San Jos\u00e9, Costa RicaInt\u00e9rprete:\u00a0Cuauht\u00e9moc Rivera (viol\u00edn | M\u00e9xico), Orquesta Sinf\u00f3nica de Heredia\u00a0| Eddie Mora\u00a0\u2013 directorMUSITICA | Carlos Chaves (ingeniero de sonido) Grabaci\u00f3n: Plegaria (2017) Rese\u00f1a [&hellip;]<\/p>","protected":false},"author":2,"featured_media":0,"parent":0,"menu_order":0,"comment_status":"closed","ping_status":"closed","template":"elementor_header_footer","meta":{"footnotes":""},"class_list":["post-1138","page","type-page","status-publish","hentry"],"_links":{"self":[{"href":"https:\/\/eddiemora.com\/en\/wp-json\/wp\/v2\/pages\/1138","targetHints":{"allow":["GET"]}}],"collection":[{"href":"https:\/\/eddiemora.com\/en\/wp-json\/wp\/v2\/pages"}],"about":[{"href":"https:\/\/eddiemora.com\/en\/wp-json\/wp\/v2\/types\/page"}],"author":[{"embeddable":true,"href":"https:\/\/eddiemora.com\/en\/wp-json\/wp\/v2\/users\/2"}],"replies":[{"embeddable":true,"href":"https:\/\/eddiemora.com\/en\/wp-json\/wp\/v2\/comments?post=1138"}],"version-history":[{"count":10,"href":"https:\/\/eddiemora.com\/en\/wp-json\/wp\/v2\/pages\/1138\/revisions"}],"predecessor-version":[{"id":1190,"href":"https:\/\/eddiemora.com\/en\/wp-json\/wp\/v2\/pages\/1138\/revisions\/1190"}],"wp:attachment":[{"href":"https:\/\/eddiemora.com\/en\/wp-json\/wp\/v2\/media?parent=1138"}],"curies":[{"name":"wp","href":"https:\/\/api.w.org\/{rel}","templated":true}]}}