{"id":1147,"date":"2022-03-02T02:52:16","date_gmt":"2022-03-02T02:52:16","guid":{"rendered":"https:\/\/eddiemora.com\/?page_id=1147"},"modified":"2022-03-02T03:59:20","modified_gmt":"2022-03-02T03:59:20","slug":"plegaria-ficha-tecnica","status":"publish","type":"page","link":"https:\/\/eddiemora.com\/en\/plegaria-ficha-tecnica\/","title":{"rendered":"Plegaria Ficha T\u00e9cnica"},"content":{"rendered":"<div data-elementor-type=\"wp-page\" data-elementor-id=\"1147\" class=\"elementor elementor-1147\" data-elementor-post-type=\"page\">\n\t\t\t\t\t\t<section class=\"elementor-section elementor-top-section elementor-element elementor-element-1a2a9237 elementor-reverse-mobile elementor-section-height-min-height elementor-section-items-bottom elementor-section-content-top elementor-section-boxed elementor-section-height-default\" data-id=\"1a2a9237\" data-element_type=\"section\" data-settings=\"{&quot;background_background&quot;:&quot;classic&quot;}\">\n\t\t\t\t\t\t\t<div class=\"elementor-background-overlay\"><\/div>\n\t\t\t\t\t\t\t<div class=\"elementor-container elementor-column-gap-wider\">\n\t\t\t\t\t<div class=\"elementor-column elementor-col-100 elementor-top-column elementor-element elementor-element-1b513e6c\" data-id=\"1b513e6c\" data-element_type=\"column\">\n\t\t\t<div class=\"elementor-widget-wrap elementor-element-populated\">\n\t\t\t\t\t\t<div class=\"elementor-element elementor-element-5196a922 elementor-widget elementor-widget-heading\" data-id=\"5196a922\" data-element_type=\"widget\" data-widget_type=\"heading.default\">\n\t\t\t\t<div class=\"elementor-widget-container\">\n\t\t\t\t\t<h1 class=\"elementor-heading-title elementor-size-default\">Plegaria<\/h1>\t\t\t\t<\/div>\n\t\t\t\t<\/div>\n\t\t\t\t<div class=\"elementor-element elementor-element-44170538 elementor-widget elementor-widget-heading\" data-id=\"44170538\" data-element_type=\"widget\" data-widget_type=\"heading.default\">\n\t\t\t\t<div class=\"elementor-widget-container\">\n\t\t\t\t\t<h1 class=\"elementor-heading-title elementor-size-default\">Ficha T\u00e9cnica<\/h1>\t\t\t\t<\/div>\n\t\t\t\t<\/div>\n\t\t\t\t\t<\/div>\n\t\t<\/div>\n\t\t\t\t\t<\/div>\n\t\t<\/section>\n\t\t\t\t<section class=\"elementor-section elementor-top-section elementor-element elementor-element-4de8a76c elementor-section-boxed elementor-section-height-default elementor-section-height-default\" data-id=\"4de8a76c\" data-element_type=\"section\">\n\t\t\t\t\t\t<div class=\"elementor-container elementor-column-gap-wider\">\n\t\t\t\t\t<div class=\"elementor-column elementor-col-100 elementor-top-column elementor-element elementor-element-73a48a20\" data-id=\"73a48a20\" data-element_type=\"column\">\n\t\t\t<div class=\"elementor-widget-wrap elementor-element-populated\">\n\t\t\t\t\t\t<div class=\"elementor-element elementor-element-3c9478f1 elementor-widget elementor-widget-text-editor\" data-id=\"3c9478f1\" data-element_type=\"widget\" data-widget_type=\"text-editor.default\">\n\t\t\t\t<div class=\"elementor-widget-container\">\n\t\t\t\t\t\t\t\t\t<article class=\"post-1575 page type-page status-publish entry\"><p><strong>Plegaria\u00a0(2014)<\/strong><br \/><strong>Cuarteto de\u00a0cuerdas solista, orquesta\u00a0de cuerdas y percusi\u00f3n\u00a0<\/strong><\/p><hr \/><p><strong>Instrumentaci\u00f3n:<\/strong><\/p><hr \/><p><strong>Estreno:<\/strong>\u00a0TeatroEugene O\u00b4Neill, San Jos\u00e9, Costa Rica<br \/><strong>Int\u00e9rprete:<\/strong>\u00a0Cuarteto de Cuerdas White, Orquesta Sinf\u00f3nica de Heredia\u00a0| Eddie Mora\u00a0\u2013 director<br \/>MUSITICA | Carlos Chaves (ingeniero de sonido)<\/p><hr \/><p><strong>Grabaci\u00f3n:\u00a0<\/strong>Plegaria (2017)<\/p><hr \/><p><strong>Rese\u00f1a | Ekaterina Chatski | Investigadora UCR<\/strong><\/p><p>En Plegaria para cuarteto de cuerdas solista, cuerdas y percusi\u00f3n (2014), surgen varias voces, aparecen diferentes expresiones de actores-m\u00fasicos. Entre ellos, la voz del compositor, Eddie Mora, manifiesta su mundo interno. El artista expone: \u201cHay cuatro peticiones de los solistas, donde cada instrumento tiene su propio discurso, su propia voz, la cual se prepara para ofrecer una plegaria. La orquesta es una voz m\u00e1s, la voz del otro que act\u00faa como un interlocutor del cuarteto, incorpor\u00e1ndose en un di\u00e1logo con los solistas\u201d. Asimismo, el escucha de la obra est\u00e1 convocado como una voz m\u00e1s, la cual dar\u00e1 su propia interpretaci\u00f3n del concepto plegaria.<\/p><hr \/><p><strong>Partitura | score:<\/strong><\/p><hr \/><p><strong>Partes instrumentales \u00a0| instrumental parts | particelli:<\/strong>\u00a0para solicitar las partes por separado de esta obra por favor enviar un mensaje en\u00a0<a href=\"https:\/\/eddiemora.com\/en\/contacto\/\" rel=\"noopener\">Contact Us<\/a><\/p><hr \/><p><strong>Audio:\u00a0<\/strong><\/p><hr \/><p><strong>Video:<br \/><\/strong><a href=\"https:\/\/youtu.be\/ThLfVM-ayO0\" target=\"_blank\" rel=\"noopener\">Videoclip<br \/><\/a><a href=\"https:\/\/youtu.be\/lJzS0DkrThU\" target=\"_blank\" rel=\"noopener\">Video completo<\/a><\/p><\/article>\t\t\t\t\t\t\t\t<\/div>\n\t\t\t\t<\/div>\n\t\t\t\t\t<\/div>\n\t\t<\/div>\n\t\t\t\t\t<\/div>\n\t\t<\/section>\n\t\t\t\t<\/div>","protected":false},"excerpt":{"rendered":"<p>Plegaria Ficha T\u00e9cnica Plegaria\u00a0(2014)Cuarteto de\u00a0cuerdas solista, orquesta\u00a0de cuerdas y percusi\u00f3n\u00a0 Instrumentaci\u00f3n: Estreno:\u00a0TeatroEugene O\u00b4Neill, San Jos\u00e9, Costa RicaInt\u00e9rprete:\u00a0Cuarteto de Cuerdas White, Orquesta Sinf\u00f3nica de Heredia\u00a0| Eddie Mora\u00a0\u2013 directorMUSITICA | Carlos Chaves (ingeniero de sonido) Grabaci\u00f3n:\u00a0Plegaria (2017) Rese\u00f1a | Ekaterina Chatski | Investigadora UCR En Plegaria para cuarteto de cuerdas solista, cuerdas y percusi\u00f3n (2014), surgen varias [&hellip;]<\/p>","protected":false},"author":2,"featured_media":0,"parent":0,"menu_order":0,"comment_status":"closed","ping_status":"closed","template":"elementor_header_footer","meta":{"footnotes":""},"class_list":["post-1147","page","type-page","status-publish","hentry"],"_links":{"self":[{"href":"https:\/\/eddiemora.com\/en\/wp-json\/wp\/v2\/pages\/1147","targetHints":{"allow":["GET"]}}],"collection":[{"href":"https:\/\/eddiemora.com\/en\/wp-json\/wp\/v2\/pages"}],"about":[{"href":"https:\/\/eddiemora.com\/en\/wp-json\/wp\/v2\/types\/page"}],"author":[{"embeddable":true,"href":"https:\/\/eddiemora.com\/en\/wp-json\/wp\/v2\/users\/2"}],"replies":[{"embeddable":true,"href":"https:\/\/eddiemora.com\/en\/wp-json\/wp\/v2\/comments?post=1147"}],"version-history":[{"count":7,"href":"https:\/\/eddiemora.com\/en\/wp-json\/wp\/v2\/pages\/1147\/revisions"}],"predecessor-version":[{"id":1193,"href":"https:\/\/eddiemora.com\/en\/wp-json\/wp\/v2\/pages\/1147\/revisions\/1193"}],"wp:attachment":[{"href":"https:\/\/eddiemora.com\/en\/wp-json\/wp\/v2\/media?parent=1147"}],"curies":[{"name":"wp","href":"https:\/\/api.w.org\/{rel}","templated":true}]}}