{"id":887,"date":"2022-01-27T20:03:15","date_gmt":"2022-01-27T20:03:15","guid":{"rendered":"https:\/\/eddiemora.com\/?page_id=887"},"modified":"2023-09-21T02:27:05","modified_gmt":"2023-09-21T02:27:05","slug":"partituras","status":"publish","type":"page","link":"https:\/\/eddiemora.com\/en\/partituras\/","title":{"rendered":"Scores"},"content":{"rendered":"<div data-elementor-type=\"wp-page\" data-elementor-id=\"887\" class=\"elementor elementor-887\" data-elementor-post-type=\"page\">\n\t\t\t\t\t\t<section class=\"elementor-section elementor-top-section elementor-element elementor-element-50426011 elementor-reverse-mobile elementor-section-height-min-height elementor-section-items-bottom elementor-section-content-top elementor-section-boxed elementor-section-height-default\" data-id=\"50426011\" data-element_type=\"section\" data-settings=\"{&quot;background_background&quot;:&quot;classic&quot;}\">\n\t\t\t\t\t\t\t<div class=\"elementor-background-overlay\"><\/div>\n\t\t\t\t\t\t\t<div class=\"elementor-container elementor-column-gap-wider\">\n\t\t\t\t\t<div class=\"elementor-column elementor-col-100 elementor-top-column elementor-element elementor-element-5f43f1be\" data-id=\"5f43f1be\" data-element_type=\"column\">\n\t\t\t<div class=\"elementor-widget-wrap elementor-element-populated\">\n\t\t\t\t\t\t<div class=\"elementor-element elementor-element-5e6fe9ba elementor-widget elementor-widget-heading\" data-id=\"5e6fe9ba\" data-element_type=\"widget\" data-widget_type=\"heading.default\">\n\t\t\t\t<div class=\"elementor-widget-container\">\n\t\t\t\t\t<h1 class=\"elementor-heading-title elementor-size-default\">Scores<\/h1>\t\t\t\t<\/div>\n\t\t\t\t<\/div>\n\t\t\t\t\t<\/div>\n\t\t<\/div>\n\t\t\t\t\t<\/div>\n\t\t<\/section>\n\t\t\t\t<section class=\"elementor-section elementor-top-section elementor-element elementor-element-52d3a313 elementor-section-boxed elementor-section-height-default elementor-section-height-default\" data-id=\"52d3a313\" data-element_type=\"section\">\n\t\t\t\t\t\t<div class=\"elementor-container elementor-column-gap-custom\">\n\t\t\t\t\t<div class=\"elementor-column elementor-col-100 elementor-top-column elementor-element elementor-element-666bf5af\" data-id=\"666bf5af\" data-element_type=\"column\">\n\t\t\t<div class=\"elementor-widget-wrap elementor-element-populated\">\n\t\t\t\t\t\t<div class=\"elementor-element elementor-element-79c9cb5b elementor-hidden-desktop elementor-hidden-tablet elementor-hidden-mobile elementor-widget elementor-widget-toggle\" data-id=\"79c9cb5b\" data-element_type=\"widget\" data-widget_type=\"toggle.default\">\n\t\t\t\t<div class=\"elementor-widget-container\">\n\t\t\t\t\t\t\t<div class=\"elementor-toggle\">\n\t\t\t\t\t\t\t<div class=\"elementor-toggle-item\">\n\t\t\t\t\t<div id=\"elementor-tab-title-2041\" class=\"elementor-tab-title\" data-tab=\"1\" role=\"button\" aria-controls=\"elementor-tab-content-2041\" aria-expanded=\"false\">\n\t\t\t\t\t\t\t\t\t\t\t\t<span class=\"elementor-toggle-icon elementor-toggle-icon-right\" aria-hidden=\"true\">\n\t\t\t\t\t\t\t\t\t\t\t\t\t\t\t<span class=\"elementor-toggle-icon-closed\"><i class=\"fas fa-caret-right\"><\/i><\/span>\n\t\t\t\t\t\t\t\t<span class=\"elementor-toggle-icon-opened\"><i class=\"elementor-toggle-icon-opened fas fa-caret-up\"><\/i><\/span>\n\t\t\t\t\t\t\t\t\t\t\t\t\t<\/span>\n\t\t\t\t\t\t\t\t\t\t\t\t<a class=\"elementor-toggle-title\" tabindex=\"0\">Large assemblies<\/a>\n\t\t\t\t\t<\/div>\n\n\t\t\t\t\t<div id=\"elementor-tab-content-2041\" class=\"elementor-tab-content elementor-clearfix\" data-tab=\"1\" role=\"region\" aria-labelledby=\"elementor-tab-title-2041\"><div class=\"gmail_default\">Ritual Urbano<\/div><div class=\"gmail_default\">Canto para oboe\u00a0<a href=\"https:\/\/eddiemora.com\/wp-content\/uploads\/2023\/09\/Eddie-Mora-Canto-para-oboe-y-orquesta.pdf\" target=\"_blank\" rel=\"noopener\">Download pdf<\/a><\/div><div class=\"gmail_default\">Desde la tierra que habito.<\/div><div class=\"gmail_default\"><span dir=\"ltr\">Mon\u00f3logo para violin y orquesta<\/span>\u00a0<a href=\"https:\/\/eddiemora.com\/wp-content\/uploads\/2023\/09\/Eddie-Mora-Monologo-para-violin-y-orquesta.pdf\" target=\"_blank\" rel=\"noopener\">Download pdf<\/a><\/div><div class=\"gmail_default\">Atisbo a JRM<\/div><div class=\"gmail_default\">Caminos de piedra<\/div><div class=\"gmail_default\">Los caminos de la noche<\/div><div class=\"gmail_default\">Plegaria<\/div><div class=\"gmail_default\">Ye\u00b4sul\u00e9 II<\/div><div>\u00a0<\/div><div class=\"gmail_default\">Solicite las\u00a0<em>particelli<\/em>\u00a0en\u00a0<a href=\"http:\/\/eddiemora.com\/en\/contacto\/\" target=\"_blank\" rel=\"noopener\"><strong>Contact Us<\/strong><\/a><\/div><\/div>\n\t\t\t\t<\/div>\n\t\t\t\t\t\t\t<div class=\"elementor-toggle-item\">\n\t\t\t\t\t<div id=\"elementor-tab-title-2042\" class=\"elementor-tab-title\" data-tab=\"2\" role=\"button\" aria-controls=\"elementor-tab-content-2042\" aria-expanded=\"false\">\n\t\t\t\t\t\t\t\t\t\t\t\t<span class=\"elementor-toggle-icon elementor-toggle-icon-right\" aria-hidden=\"true\">\n\t\t\t\t\t\t\t\t\t\t\t\t\t\t\t<span class=\"elementor-toggle-icon-closed\"><i class=\"fas fa-caret-right\"><\/i><\/span>\n\t\t\t\t\t\t\t\t<span class=\"elementor-toggle-icon-opened\"><i class=\"elementor-toggle-icon-opened fas fa-caret-up\"><\/i><\/span>\n\t\t\t\t\t\t\t\t\t\t\t\t\t<\/span>\n\t\t\t\t\t\t\t\t\t\t\t\t<a class=\"elementor-toggle-title\" tabindex=\"0\">Chamber Music<\/a>\n\t\t\t\t\t<\/div>\n\n\t\t\t\t\t<div id=\"elementor-tab-content-2042\" class=\"elementor-tab-content elementor-clearfix\" data-tab=\"2\" role=\"region\" aria-labelledby=\"elementor-tab-title-2042\"><div class=\"gmail_default\">String Quartet No. 1\u00a0<a href=\"https:\/\/eddiemora.com\/wp-content\/uploads\/2023\/09\/Eddie-Mora-String-Quartet-No.-1.pdf\" target=\"_blank\" rel=\"noopener\">Download pdf<\/a><\/div><div class=\"gmail_default\">Retrato VI<\/div><div class=\"gmail_default\">Retrato IV<\/div><div class=\"gmail_default\">Fragmentos I<\/div><div class=\"gmail_default\">\u00c1lbum para viol\u00edn y piano<\/div><div class=\"gmail_default\">Dos tr\u00edos para viol\u00edn, violonchelo y piano<\/div><div class=\"gmail_default\">Tres duetos con violonchelo<\/div><\/div>\n\t\t\t\t<\/div>\n\t\t\t\t\t\t\t<div class=\"elementor-toggle-item\">\n\t\t\t\t\t<div id=\"elementor-tab-title-2043\" class=\"elementor-tab-title\" data-tab=\"3\" role=\"button\" aria-controls=\"elementor-tab-content-2043\" aria-expanded=\"false\">\n\t\t\t\t\t\t\t\t\t\t\t\t<span class=\"elementor-toggle-icon elementor-toggle-icon-right\" aria-hidden=\"true\">\n\t\t\t\t\t\t\t\t\t\t\t\t\t\t\t<span class=\"elementor-toggle-icon-closed\"><i class=\"fas fa-caret-right\"><\/i><\/span>\n\t\t\t\t\t\t\t\t<span class=\"elementor-toggle-icon-opened\"><i class=\"elementor-toggle-icon-opened fas fa-caret-up\"><\/i><\/span>\n\t\t\t\t\t\t\t\t\t\t\t\t\t<\/span>\n\t\t\t\t\t\t\t\t\t\t\t\t<a class=\"elementor-toggle-title\" tabindex=\"0\">Single instruments<\/a>\n\t\t\t\t\t<\/div>\n\n\t\t\t\t\t<div id=\"elementor-tab-content-2043\" class=\"elementor-tab-content elementor-clearfix\" data-tab=\"3\" role=\"region\" aria-labelledby=\"elementor-tab-title-2043\"><div class=\"gmail_default\">Dos obras para guitarra<\/div><div class=\"gmail_default\">Obras para piano<\/div><\/div>\n\t\t\t\t<\/div>\n\t\t\t\t\t\t\t<div class=\"elementor-toggle-item\">\n\t\t\t\t\t<div id=\"elementor-tab-title-2044\" class=\"elementor-tab-title\" data-tab=\"4\" role=\"button\" aria-controls=\"elementor-tab-content-2044\" aria-expanded=\"false\">\n\t\t\t\t\t\t\t\t\t\t\t\t<span class=\"elementor-toggle-icon elementor-toggle-icon-right\" aria-hidden=\"true\">\n\t\t\t\t\t\t\t\t\t\t\t\t\t\t\t<span class=\"elementor-toggle-icon-closed\"><i class=\"fas fa-caret-right\"><\/i><\/span>\n\t\t\t\t\t\t\t\t<span class=\"elementor-toggle-icon-opened\"><i class=\"elementor-toggle-icon-opened fas fa-caret-up\"><\/i><\/span>\n\t\t\t\t\t\t\t\t\t\t\t\t\t<\/span>\n\t\t\t\t\t\t\t\t\t\t\t\t<a class=\"elementor-toggle-title\" tabindex=\"0\">Voice | Chorus<\/a>\n\t\t\t\t\t<\/div>\n\n\t\t\t\t\t<div id=\"elementor-tab-content-2044\" class=\"elementor-tab-content elementor-clearfix\" data-tab=\"4\" role=\"region\" aria-labelledby=\"elementor-tab-title-2044\"><div class=\"gmail_default\">Ni aqu\u00ed, ni all\u00e1 I<\/div><div class=\"gmail_default\">Ni aqu\u00ed, ni all\u00e1 II\u00a0<\/div><\/div>\n\t\t\t\t<\/div>\n\t\t\t\t\t\t\t\t<\/div>\n\t\t\t\t\t\t<\/div>\n\t\t\t\t<\/div>\n\t\t\t\t<div class=\"elementor-element elementor-element-01afafa elementor-widget elementor-widget-text-editor\" data-id=\"01afafa\" data-element_type=\"widget\" data-widget_type=\"text-editor.default\">\n\t\t\t\t<div class=\"elementor-widget-container\">\n\t\t\t\t\t\t\t\t\t<p><span dir=\"ltr\">Mon\u00f3logo para violin y orquesta<\/span>\u00a0<a href=\"https:\/\/eddiemora.com\/wp-content\/uploads\/2023\/09\/Eddie-Mora-Monologo-para-violin-y-orquesta.pdf\" target=\"_blank\" rel=\"noopener\">Download pdf<\/a><\/p><p>Canto para oboe y orquesta <a href=\"https:\/\/eddiemora.com\/wp-content\/uploads\/2023\/09\/Eddie-Mora-Canto-para-oboe-y-orquesta.pdf\" target=\"_blank\" rel=\"noopener\">Download pdf<\/a><\/p><p>Cuarteto No. 1 para cuerdas <a href=\"https:\/\/eddiemora.com\/wp-content\/uploads\/2023\/09\/Eddie-Mora-String-Quartet-No.-1.pdf\" target=\"_blank\" rel=\"noopener\">Download pdf<\/a><\/p>\t\t\t\t\t\t\t\t<\/div>\n\t\t\t\t<\/div>\n\t\t\t\t\t<\/div>\n\t\t<\/div>\n\t\t\t\t\t<\/div>\n\t\t<\/section>\n\t\t\t\t<\/div>","protected":false},"excerpt":{"rendered":"<p>Ensambles grandes Ritual UrbanoCanto para oboe\u00a0Descargar pdfDesde la tierra que habito.Mon\u00f3logo para violin y orquesta\u00a0Descargar pdfAtisbo a JRMCaminos de piedraLos caminos de la nochePlegariaYe\u00b4sul\u00e9 II\u00a0Solicite las\u00a0particelli\u00a0en\u00a0Contacto M\u00fasica de C\u00e1mara String Quartet No. 1\u00a0Descargar pdfRetrato VIRetrato IVFragmentos I\u00c1lbum para viol\u00edn y pianoDos tr\u00edos para viol\u00edn, violonchelo y pianoTres duetos con violonchelo Instrumentos solos Dos obras para [&hellip;]<\/p>","protected":false},"author":1,"featured_media":0,"parent":0,"menu_order":0,"comment_status":"closed","ping_status":"closed","template":"elementor_header_footer","meta":{"footnotes":""},"class_list":["post-887","page","type-page","status-publish","hentry"],"_links":{"self":[{"href":"https:\/\/eddiemora.com\/en\/wp-json\/wp\/v2\/pages\/887","targetHints":{"allow":["GET"]}}],"collection":[{"href":"https:\/\/eddiemora.com\/en\/wp-json\/wp\/v2\/pages"}],"about":[{"href":"https:\/\/eddiemora.com\/en\/wp-json\/wp\/v2\/types\/page"}],"author":[{"embeddable":true,"href":"https:\/\/eddiemora.com\/en\/wp-json\/wp\/v2\/users\/1"}],"replies":[{"embeddable":true,"href":"https:\/\/eddiemora.com\/en\/wp-json\/wp\/v2\/comments?post=887"}],"version-history":[{"count":34,"href":"https:\/\/eddiemora.com\/en\/wp-json\/wp\/v2\/pages\/887\/revisions"}],"predecessor-version":[{"id":1583,"href":"https:\/\/eddiemora.com\/en\/wp-json\/wp\/v2\/pages\/887\/revisions\/1583"}],"wp:attachment":[{"href":"https:\/\/eddiemora.com\/en\/wp-json\/wp\/v2\/media?parent=887"}],"curies":[{"name":"wp","href":"https:\/\/api.w.org\/{rel}","templated":true}]}}